{"id":106,"date":"2022-04-30T16:48:35","date_gmt":"2022-04-30T16:48:35","guid":{"rendered":"http:\/\/fbeengineering.com\/?page_id=106"},"modified":"2022-07-09T22:05:52","modified_gmt":"2022-07-09T22:05:52","slug":"who-we-are","status":"publish","type":"page","link":"https:\/\/fbeengineering.com\/en\/who-we-are\/","title":{"rendered":"Who we are?"},"content":{"rendered":"<div data-elementor-type=\"wp-page\" data-elementor-id=\"106\" class=\"elementor elementor-106\">\n\t\t\t\t\t\t\t\t\t<section class=\"elementor-section elementor-top-section elementor-element elementor-element-9f095e3 elementor-section-height-min-height elementor-section-boxed elementor-section-height-default elementor-section-items-middle\" data-id=\"9f095e3\" data-element_type=\"section\" data-settings=\"{&quot;background_background&quot;:&quot;classic&quot;}\">\n\t\t\t\t\t\t\t<div class=\"elementor-background-overlay\"><\/div>\n\t\t\t\t\t\t\t<div class=\"elementor-container elementor-column-gap-no\">\n\t\t\t\t\t<div class=\"elementor-column elementor-col-100 elementor-top-column elementor-element elementor-element-ea57517\" data-id=\"ea57517\" data-element_type=\"column\">\n\t\t\t<div class=\"elementor-widget-wrap elementor-element-populated\">\n\t\t\t\t\t\t\t\t<div class=\"elementor-element elementor-element-710d480 elementor-widget elementor-widget-heading\" data-id=\"710d480\" data-element_type=\"widget\" data-widget_type=\"heading.default\">\n\t\t\t\t<div class=\"elementor-widget-container\">\n\t\t\t<style>\/*! elementor - v3.9.2 - 21-12-2022 *\/\n.elementor-heading-title{padding:0;margin:0;line-height:1}.elementor-widget-heading .elementor-heading-title[class*=elementor-size-]>a{color:inherit;font-size:inherit;line-height:inherit}.elementor-widget-heading .elementor-heading-title.elementor-size-small{font-size:15px}.elementor-widget-heading .elementor-heading-title.elementor-size-medium{font-size:19px}.elementor-widget-heading .elementor-heading-title.elementor-size-large{font-size:29px}.elementor-widget-heading .elementor-heading-title.elementor-size-xl{font-size:39px}.elementor-widget-heading .elementor-heading-title.elementor-size-xxl{font-size:59px}<\/style><h1 class=\"elementor-heading-title elementor-size-default\">Who we are?<\/h1>\t\t<\/div>\n\t\t\t\t<\/div>\n\t\t\t\t<div class=\"elementor-element elementor-element-e65ee0f elementor-widget elementor-widget-heading\" data-id=\"e65ee0f\" data-element_type=\"widget\" data-widget_type=\"heading.default\">\n\t\t\t\t<div class=\"elementor-widget-container\">\n\t\t\t<p class=\"elementor-heading-title elementor-size-default\"><a style=\"color: #FCCE1C\" href=\"https:\/\/fbeengineering.com\/en\/\">Home<\/a>\/ Qui sommes-nous?<\/p>\t\t<\/div>\n\t\t\t\t<\/div>\n\t\t\t\t\t<\/div>\n\t\t<\/div>\n\t\t\t\t\t\t\t<\/div>\n\t\t<\/section>\n\t\t\t\t<section class=\"elementor-section elementor-top-section elementor-element elementor-element-f2dfd87 elementor-section-boxed elementor-section-height-default elementor-section-height-default\" data-id=\"f2dfd87\" data-element_type=\"section\">\n\t\t\t\t\t\t<div class=\"elementor-container elementor-column-gap-default\">\n\t\t\t\t\t<div class=\"elementor-column elementor-col-50 elementor-top-column elementor-element elementor-element-cb89ee7\" data-id=\"cb89ee7\" data-element_type=\"column\">\n\t\t\t<div class=\"elementor-widget-wrap elementor-element-populated\">\n\t\t\t\t\t\t\t\t<div class=\"elementor-element elementor-element-1d50606 elementor-widget elementor-widget-heading\" data-id=\"1d50606\" data-element_type=\"widget\" data-widget_type=\"heading.default\">\n\t\t\t\t<div class=\"elementor-widget-container\">\n\t\t\t<h2 class=\"elementor-heading-title elementor-size-default\">History<\/h2>\t\t<\/div>\n\t\t\t\t<\/div>\n\t\t\t\t<div class=\"elementor-element elementor-element-5f6e4eb elementor-widget elementor-widget-text-editor\" data-id=\"5f6e4eb\" data-element_type=\"widget\" data-widget_type=\"text-editor.default\">\n\t\t\t\t<div class=\"elementor-widget-container\">\n\t\t\t<style>\/*! elementor - v3.9.2 - 21-12-2022 *\/\n.elementor-widget-text-editor.elementor-drop-cap-view-stacked .elementor-drop-cap{background-color:#818a91;color:#fff}.elementor-widget-text-editor.elementor-drop-cap-view-framed .elementor-drop-cap{color:#818a91;border:3px solid;background-color:transparent}.elementor-widget-text-editor:not(.elementor-drop-cap-view-default) .elementor-drop-cap{margin-top:8px}.elementor-widget-text-editor:not(.elementor-drop-cap-view-default) .elementor-drop-cap-letter{width:1em;height:1em}.elementor-widget-text-editor .elementor-drop-cap{float:left;text-align:center;line-height:1;font-size:50px}.elementor-widget-text-editor .elementor-drop-cap-letter{display:inline-block}<\/style>\t\t\t\t<span lang=\"FR\" style=\"font-size: 12.0pt; line-height: 107%;\">Cr\u00e9\u00e9e \u00e0 Garoua en f\u00e9vrier 2021 par une \u00e9quipe de\njeunes Ing\u00e9nieurs de l\u2019Ecole Nationale Sup\u00e9rieure des Sciences Agroindustrielles,\ndes jeunes camerounais dynamiques de la diaspora engag\u00e9s dans le d\u00e9veloppement\ndu pays ainsi que d\u2019autre ing\u00e9nieurs des grandes \u00e9coles du pays, Foods And\nBeverages Engineering (FBE) est une entreprise Camerounaise engag\u00e9e dans la\nvalorisation des ressources naturelles du Cameroun et, agricoles en particulier.\nLa principale mission de FBE est la transformation des produits de l\u2019anacardier.\nL\u2019anacardier c\u2019est un arbre originaire de l\u2019Am\u00e9rique du Sud, plus pr\u00e9cis\u00e9ment\ndu <\/span><span lang=\"FR-CM\" style=\"font-size: 12.0pt; mso-bidi-font-size: 10.0pt; line-height: 107%;\">Nord-Est de la c\u00f4te du Br\u00e9sil.<\/span> <span lang=\"FR-CM\" style=\"font-size: 12.0pt; mso-bidi-font-size: 10.0pt; line-height: 107%;\">Sa culture s\u2019est d\u00e9velopp\u00e9e en Afrique de l\u2019ouest \u00e0 cause de sa grande\nrusticit\u00e9 et de ses multiples produits. Outre les fruits que sont la noix et la\npomme de cajou, la plante fournit une gamme de produits secondaires aux\nutilisations multiples.<\/span>\t\t\t\t\t\t<\/div>\n\t\t\t\t<\/div>\n\t\t\t\t\t<\/div>\n\t\t<\/div>\n\t\t\t\t<div class=\"elementor-column elementor-col-50 elementor-top-column elementor-element elementor-element-9288375\" data-id=\"9288375\" data-element_type=\"column\">\n\t\t\t<div class=\"elementor-widget-wrap elementor-element-populated\">\n\t\t\t\t\t\t\t\t<div class=\"elementor-element elementor-element-3fec308 elementor-widget elementor-widget-image\" data-id=\"3fec308\" data-element_type=\"widget\" data-widget_type=\"image.default\">\n\t\t\t\t<div class=\"elementor-widget-container\">\n\t\t\t<style>\/*! elementor - v3.9.2 - 21-12-2022 *\/\n.elementor-widget-image{text-align:center}.elementor-widget-image a{display:inline-block}.elementor-widget-image a img[src$=\".svg\"]{width:48px}.elementor-widget-image img{vertical-align:middle;display:inline-block}<\/style>\t\t\t\t\t\t\t\t\t\t\t\t<img decoding=\"async\" width=\"1080\" height=\"810\" src=\"https:\/\/fbeengineering.com\/wp-content\/uploads\/2022\/06\/PHOTO-2021-12-20-11-57-17_1.jpg\" class=\"attachment-full size-full wp-image-1024\" alt=\"\" loading=\"lazy\" srcset=\"https:\/\/fbeengineering.com\/wp-content\/uploads\/2022\/06\/PHOTO-2021-12-20-11-57-17_1.jpg 1080w, https:\/\/fbeengineering.com\/wp-content\/uploads\/2022\/06\/PHOTO-2021-12-20-11-57-17_1-300x225.jpg 300w, https:\/\/fbeengineering.com\/wp-content\/uploads\/2022\/06\/PHOTO-2021-12-20-11-57-17_1-1024x768.jpg 1024w, https:\/\/fbeengineering.com\/wp-content\/uploads\/2022\/06\/PHOTO-2021-12-20-11-57-17_1-768x576.jpg 768w, https:\/\/fbeengineering.com\/wp-content\/uploads\/2022\/06\/PHOTO-2021-12-20-11-57-17_1-16x12.jpg 16w, https:\/\/fbeengineering.com\/wp-content\/uploads\/2022\/06\/PHOTO-2021-12-20-11-57-17_1-600x450.jpg 600w\" sizes=\"(max-width: 1080px) 100vw, 1080px\" \/>\t\t\t\t\t\t\t\t\t\t\t\t\t\t\t<\/div>\n\t\t\t\t<\/div>\n\t\t\t\t\t<\/div>\n\t\t<\/div>\n\t\t\t\t\t\t\t<\/div>\n\t\t<\/section>\n\t\t\t\t<section class=\"elementor-section elementor-top-section elementor-element elementor-element-a813c0a elementor-section-boxed elementor-section-height-default elementor-section-height-default\" data-id=\"a813c0a\" data-element_type=\"section\">\n\t\t\t\t\t\t<div class=\"elementor-container elementor-column-gap-default\">\n\t\t\t\t\t<div class=\"elementor-column elementor-col-100 elementor-top-column elementor-element elementor-element-ed1ec04\" data-id=\"ed1ec04\" data-element_type=\"column\">\n\t\t\t<div class=\"elementor-widget-wrap elementor-element-populated\">\n\t\t\t\t\t\t\t\t<div class=\"elementor-element elementor-element-02974bd elementor-widget elementor-widget-text-editor\" data-id=\"02974bd\" data-element_type=\"widget\" data-widget_type=\"text-editor.default\">\n\t\t\t\t<div class=\"elementor-widget-container\">\n\t\t\t\t\t\t\t<span lang=\"FR\">FBE<\/span><span lang=\"FR\" style=\"font-size: 12.0pt; line-height: 107%;\"> est n\u00e9e de\nl\u2019observation faite par son \u00e9quipe de recherche en 2019 \u00e0 l\u2019ENSAI. L\u2019observation\n\u00e9tait que certaines de nos mati\u00e8res premi\u00e8res locales \u00e0 l\u2019instar de l\u2019anacarde,\nn\u2019\u00e9taient pas vraiment exploit\u00e9es or le gouvernement Camerounais encourageait\nla culture de l\u2019anacardier pour le reboisement d\u2019une part et pour exploitation\nde sa noix d\u2019autre part, sans toutefois pr\u00e9ciser le devenir des pommes\nd\u2019anacardes qui sont le deuxi\u00e8me fruit et repr\u00e9sente en masse dix fois la noix\nd\u2019anacarde. Les analyses ont montr\u00e9 que les pommes d\u2019anacardes pr\u00e9sentaient une\ncomposition relativement proche de celle du raisin.\u00a0 En m\u00eame temps, les importations de vins\n\u00e9taient sans cesse grandissantes.<span lang=\"FR\" style=\"font-size: 12.0pt; line-height: 107%;\">Les\nJeunes de FBE ont trouv\u00e9 une source de cr\u00e9ation de richesses et d\u2019emploi \u00e0\ntravers la valorisation des produits qui d\u00e9coulaient de cette politique du\ngouvernement.\u00a0\u00a0<\/span>\t\t\t\t\t\t<\/div>\n\t\t\t\t<\/div>\n\t\t\t\t\t<\/div>\n\t\t<\/div>\n\t\t\t\t\t\t\t<\/div>\n\t\t<\/section>\n\t\t\t\t\t\t\t<\/div>","protected":false},"excerpt":{"rendered":"<p>Qui sommes-nous? Accueil\/ Qui sommes-nous? Histoire Cr\u00e9\u00e9e \u00e0 Garoua en f\u00e9vrier 2021 par une \u00e9quipe de jeunes Ing\u00e9nieurs de l\u2019Ecole Nationale Sup\u00e9rieure des Sciences Agroindustrielles, des jeunes camerounais dynamiques de la diaspora engag\u00e9s dans le d\u00e9veloppement du pays ainsi que d\u2019autre ing\u00e9nieurs des grandes \u00e9coles du pays, Foods And Beverages Engineering (FBE) est une entreprise &hellip;<\/p>\n<p class=\"read-more\"> <a class=\"\" href=\"https:\/\/fbeengineering.com\/en\/who-we-are\/\"> <span class=\"screen-reader-text\">Who we are?<\/span> Read More &raquo;<\/a><\/p>","protected":false},"author":1,"featured_media":0,"parent":0,"menu_order":0,"comment_status":"closed","ping_status":"closed","template":"","meta":{"om_disable_all_campaigns":false,"_mi_skip_tracking":false,"site-sidebar-layout":"no-sidebar","site-content-layout":"page-builder","ast-global-header-display":"","ast-main-header-display":"","ast-hfb-above-header-display":"","ast-hfb-below-header-display":"","ast-hfb-mobile-header-display":"","site-post-title":"disabled","ast-breadcrumbs-content":"","ast-featured-img":"disabled","footer-sml-layout":"","theme-transparent-header-meta":"default","adv-header-id-meta":"","stick-header-meta":"","header-above-stick-meta":"","header-main-stick-meta":"","header-below-stick-meta":""},"aioseo_notices":[],"_links":{"self":[{"href":"https:\/\/fbeengineering.com\/en\/wp-json\/wp\/v2\/pages\/106"}],"collection":[{"href":"https:\/\/fbeengineering.com\/en\/wp-json\/wp\/v2\/pages"}],"about":[{"href":"https:\/\/fbeengineering.com\/en\/wp-json\/wp\/v2\/types\/page"}],"author":[{"embeddable":true,"href":"https:\/\/fbeengineering.com\/en\/wp-json\/wp\/v2\/users\/1"}],"replies":[{"embeddable":true,"href":"https:\/\/fbeengineering.com\/en\/wp-json\/wp\/v2\/comments?post=106"}],"version-history":[{"count":45,"href":"https:\/\/fbeengineering.com\/en\/wp-json\/wp\/v2\/pages\/106\/revisions"}],"predecessor-version":[{"id":1344,"href":"https:\/\/fbeengineering.com\/en\/wp-json\/wp\/v2\/pages\/106\/revisions\/1344"}],"wp:attachment":[{"href":"https:\/\/fbeengineering.com\/en\/wp-json\/wp\/v2\/media?parent=106"}],"curies":[{"name":"wp","href":"https:\/\/api.w.org\/{rel}","templated":true}]}}