{"id":110,"date":"2022-04-30T16:49:43","date_gmt":"2022-04-30T16:49:43","guid":{"rendered":"http:\/\/fbeengineering.com\/?page_id=110"},"modified":"2022-07-10T21:39:13","modified_gmt":"2022-07-10T21:39:13","slug":"our-values","status":"publish","type":"page","link":"https:\/\/fbeengineering.com\/en\/who-we-are\/our-values\/","title":{"rendered":"Our values"},"content":{"rendered":"<div data-elementor-type=\"wp-page\" data-elementor-id=\"110\" class=\"elementor elementor-110\">\n\t\t\t\t\t\t\t\t\t<section class=\"elementor-section elementor-top-section elementor-element elementor-element-5ef3cd2 elementor-section-height-min-height elementor-section-boxed elementor-section-height-default elementor-section-items-middle\" data-id=\"5ef3cd2\" data-element_type=\"section\" data-settings=\"{&quot;background_background&quot;:&quot;classic&quot;}\">\n\t\t\t\t\t\t\t<div class=\"elementor-background-overlay\"><\/div>\n\t\t\t\t\t\t\t<div class=\"elementor-container elementor-column-gap-no\">\n\t\t\t\t\t<div class=\"elementor-column elementor-col-100 elementor-top-column elementor-element elementor-element-7e08c4b\" data-id=\"7e08c4b\" data-element_type=\"column\">\n\t\t\t<div class=\"elementor-widget-wrap elementor-element-populated\">\n\t\t\t\t\t\t\t\t<div class=\"elementor-element elementor-element-cbd4c9d elementor-widget elementor-widget-heading\" data-id=\"cbd4c9d\" data-element_type=\"widget\" data-widget_type=\"heading.default\">\n\t\t\t\t<div class=\"elementor-widget-container\">\n\t\t\t<style>\/*! elementor - v3.9.2 - 21-12-2022 *\/\n.elementor-heading-title{padding:0;margin:0;line-height:1}.elementor-widget-heading .elementor-heading-title[class*=elementor-size-]>a{color:inherit;font-size:inherit;line-height:inherit}.elementor-widget-heading .elementor-heading-title.elementor-size-small{font-size:15px}.elementor-widget-heading .elementor-heading-title.elementor-size-medium{font-size:19px}.elementor-widget-heading .elementor-heading-title.elementor-size-large{font-size:29px}.elementor-widget-heading .elementor-heading-title.elementor-size-xl{font-size:39px}.elementor-widget-heading .elementor-heading-title.elementor-size-xxl{font-size:59px}<\/style><h1 class=\"elementor-heading-title elementor-size-default\">Our values\n<\/h1>\t\t<\/div>\n\t\t\t\t<\/div>\n\t\t\t\t<div class=\"elementor-element elementor-element-f0490c8 elementor-widget elementor-widget-heading\" data-id=\"f0490c8\" data-element_type=\"widget\" data-widget_type=\"heading.default\">\n\t\t\t\t<div class=\"elementor-widget-container\">\n\t\t\t<p class=\"elementor-heading-title elementor-size-default\"><a style=\"color: #FCCE1C\" href=\"https:\/\/fbeengineering.com\/en\/\">Home<\/a>\n \/ <a style=\"color: #FCCE1C\" href=\"https:\/\/fbeengineering.com\/en\/who-we-are\/\">Who we are?<\/a>\n \/ Our values<\/p>\t\t<\/div>\n\t\t\t\t<\/div>\n\t\t\t\t\t<\/div>\n\t\t<\/div>\n\t\t\t\t\t\t\t<\/div>\n\t\t<\/section>\n\t\t\t\t<section class=\"elementor-section elementor-top-section elementor-element elementor-element-deb2785 elementor-section-boxed elementor-section-height-default elementor-section-height-default\" data-id=\"deb2785\" data-element_type=\"section\">\n\t\t\t\t\t\t<div class=\"elementor-container elementor-column-gap-default\">\n\t\t\t\t\t<div class=\"elementor-column elementor-col-50 elementor-top-column elementor-element elementor-element-cfc8c36\" data-id=\"cfc8c36\" data-element_type=\"column\" data-settings=\"{&quot;background_background&quot;:&quot;classic&quot;}\">\n\t\t\t<div class=\"elementor-widget-wrap elementor-element-populated\">\n\t\t\t\t\t\t\t\t<div class=\"elementor-element elementor-element-43abac8 elementor-widget elementor-widget-heading\" data-id=\"43abac8\" data-element_type=\"widget\" data-widget_type=\"heading.default\">\n\t\t\t\t<div class=\"elementor-widget-container\">\n\t\t\t<h2 class=\"elementor-heading-title elementor-size-default\">Performance<\/h2>\t\t<\/div>\n\t\t\t\t<\/div>\n\t\t\t\t<div class=\"elementor-element elementor-element-58b5343 elementor-widget elementor-widget-text-editor\" data-id=\"58b5343\" data-element_type=\"widget\" data-widget_type=\"text-editor.default\">\n\t\t\t\t<div class=\"elementor-widget-container\">\n\t\t\t<style>\/*! elementor - v3.9.2 - 21-12-2022 *\/\n.elementor-widget-text-editor.elementor-drop-cap-view-stacked .elementor-drop-cap{background-color:#818a91;color:#fff}.elementor-widget-text-editor.elementor-drop-cap-view-framed .elementor-drop-cap{color:#818a91;border:3px solid;background-color:transparent}.elementor-widget-text-editor:not(.elementor-drop-cap-view-default) .elementor-drop-cap{margin-top:8px}.elementor-widget-text-editor:not(.elementor-drop-cap-view-default) .elementor-drop-cap-letter{width:1em;height:1em}.elementor-widget-text-editor .elementor-drop-cap{float:left;text-align:center;line-height:1;font-size:50px}.elementor-widget-text-editor .elementor-drop-cap-letter{display:inline-block}<\/style>\t\t\t\t<p>Implementation is the continuous improvement of effectiveness that involves each of us and the entire organization in processes, decisions and relationships with partners. As a call to action, efficiency has indicators: expertise, control, productivity, competitiveness, quality of people, products, equipment and facilities, leadership. Its implementation facilitates the creation of value to remain the preferred, more profitable, more competitive and better market choice.<\/p>\t\t\t\t\t\t<\/div>\n\t\t\t\t<\/div>\n\t\t\t\t\t<\/div>\n\t\t<\/div>\n\t\t\t\t<div class=\"elementor-column elementor-col-50 elementor-top-column elementor-element elementor-element-6374da1\" data-id=\"6374da1\" data-element_type=\"column\">\n\t\t\t<div class=\"elementor-widget-wrap elementor-element-populated\">\n\t\t\t\t\t\t\t\t<div class=\"elementor-element elementor-element-e47c67b elementor-widget elementor-widget-image\" data-id=\"e47c67b\" data-element_type=\"widget\" data-widget_type=\"image.default\">\n\t\t\t\t<div class=\"elementor-widget-container\">\n\t\t\t<style>\/*! elementor - v3.9.2 - 21-12-2022 *\/\n.elementor-widget-image{text-align:center}.elementor-widget-image a{display:inline-block}.elementor-widget-image a img[src$=\".svg\"]{width:48px}.elementor-widget-image img{vertical-align:middle;display:inline-block}<\/style>\t\t\t\t\t\t\t\t\t\t\t\t<img decoding=\"async\" width=\"612\" height=\"344\" src=\"https:\/\/fbeengineering.com\/wp-content\/uploads\/2022\/07\/performance.jpg\" class=\"attachment-full size-full wp-image-1150\" alt=\"\" loading=\"lazy\" srcset=\"https:\/\/fbeengineering.com\/wp-content\/uploads\/2022\/07\/performance.jpg 612w, https:\/\/fbeengineering.com\/wp-content\/uploads\/2022\/07\/performance-300x169.jpg 300w, https:\/\/fbeengineering.com\/wp-content\/uploads\/2022\/07\/performance-18x10.jpg 18w, https:\/\/fbeengineering.com\/wp-content\/uploads\/2022\/07\/performance-600x337.jpg 600w\" sizes=\"(max-width: 612px) 100vw, 612px\" \/>\t\t\t\t\t\t\t\t\t\t\t\t\t\t\t<\/div>\n\t\t\t\t<\/div>\n\t\t\t\t\t<\/div>\n\t\t<\/div>\n\t\t\t\t\t\t\t<\/div>\n\t\t<\/section>\n\t\t\t\t<section class=\"elementor-section elementor-top-section elementor-element elementor-element-9a3146c elementor-reverse-mobile elementor-section-boxed elementor-section-height-default elementor-section-height-default\" data-id=\"9a3146c\" data-element_type=\"section\">\n\t\t\t\t\t\t<div class=\"elementor-container elementor-column-gap-default\">\n\t\t\t\t\t<div class=\"elementor-column elementor-col-50 elementor-top-column elementor-element elementor-element-1a3ca23\" data-id=\"1a3ca23\" data-element_type=\"column\">\n\t\t\t<div class=\"elementor-widget-wrap elementor-element-populated\">\n\t\t\t\t\t\t\t\t<div class=\"elementor-element elementor-element-4cb3695 elementor-widget elementor-widget-image\" data-id=\"4cb3695\" data-element_type=\"widget\" data-widget_type=\"image.default\">\n\t\t\t\t<div class=\"elementor-widget-container\">\n\t\t\t\t\t\t\t\t\t\t\t\t\t\t\t<img decoding=\"async\" width=\"770\" height=\"385\" src=\"https:\/\/fbeengineering.com\/wp-content\/uploads\/2022\/07\/citations-sur-la-responsabilite.jpg\" class=\"attachment-full size-full wp-image-1360\" alt=\"\" loading=\"lazy\" srcset=\"https:\/\/fbeengineering.com\/wp-content\/uploads\/2022\/07\/citations-sur-la-responsabilite.jpg 770w, https:\/\/fbeengineering.com\/wp-content\/uploads\/2022\/07\/citations-sur-la-responsabilite-300x150.jpg 300w, https:\/\/fbeengineering.com\/wp-content\/uploads\/2022\/07\/citations-sur-la-responsabilite-768x384.jpg 768w, https:\/\/fbeengineering.com\/wp-content\/uploads\/2022\/07\/citations-sur-la-responsabilite-18x9.jpg 18w, https:\/\/fbeengineering.com\/wp-content\/uploads\/2022\/07\/citations-sur-la-responsabilite-600x300.jpg 600w\" sizes=\"(max-width: 770px) 100vw, 770px\" \/>\t\t\t\t\t\t\t\t\t\t\t\t\t\t\t<\/div>\n\t\t\t\t<\/div>\n\t\t\t\t\t<\/div>\n\t\t<\/div>\n\t\t\t\t<div class=\"elementor-column elementor-col-50 elementor-top-column elementor-element elementor-element-34267a2\" data-id=\"34267a2\" data-element_type=\"column\">\n\t\t\t<div class=\"elementor-widget-wrap elementor-element-populated\">\n\t\t\t\t\t\t\t\t<div class=\"elementor-element elementor-element-f80f64a elementor-widget elementor-widget-heading\" data-id=\"f80f64a\" data-element_type=\"widget\" data-widget_type=\"heading.default\">\n\t\t\t\t<div class=\"elementor-widget-container\">\n\t\t\t<h2 class=\"elementor-heading-title elementor-size-default\">Responsibility<\/h2>\t\t<\/div>\n\t\t\t\t<\/div>\n\t\t\t\t<div class=\"elementor-element elementor-element-f95b2a6 elementor-widget elementor-widget-text-editor\" data-id=\"f95b2a6\" data-element_type=\"widget\" data-widget_type=\"text-editor.default\">\n\t\t\t\t<div class=\"elementor-widget-container\">\n\t\t\t\t\t\t\t<p>As community actors, it is our duty to contribute to the quality of life and sustainable development of Cameroon by integrating the environmental and social impacts of our activities into our strategies and actions. The future of FBE Engineering also depends on the adequacy of our socially responsible behavior in three important areas namely People, Planet and Profitability.<\/p>\t\t\t\t\t\t<\/div>\n\t\t\t\t<\/div>\n\t\t\t\t\t<\/div>\n\t\t<\/div>\n\t\t\t\t\t\t\t<\/div>\n\t\t<\/section>\n\t\t\t\t<section class=\"elementor-section elementor-top-section elementor-element elementor-element-2894425 elementor-section-boxed elementor-section-height-default elementor-section-height-default\" data-id=\"2894425\" data-element_type=\"section\">\n\t\t\t\t\t\t<div class=\"elementor-container elementor-column-gap-default\">\n\t\t\t\t\t<div class=\"elementor-column elementor-col-50 elementor-top-column elementor-element elementor-element-962fc33\" data-id=\"962fc33\" data-element_type=\"column\">\n\t\t\t<div class=\"elementor-widget-wrap elementor-element-populated\">\n\t\t\t\t\t\t\t\t<div class=\"elementor-element elementor-element-f21d8c9 elementor-widget elementor-widget-heading\" data-id=\"f21d8c9\" data-element_type=\"widget\" data-widget_type=\"heading.default\">\n\t\t\t\t<div class=\"elementor-widget-container\">\n\t\t\t<h2 class=\"elementor-heading-title elementor-size-default\">Integrity<\/h2>\t\t<\/div>\n\t\t\t\t<\/div>\n\t\t\t\t<div class=\"elementor-element elementor-element-1ba03cf elementor-widget elementor-widget-text-editor\" data-id=\"1ba03cf\" data-element_type=\"widget\" data-widget_type=\"text-editor.default\">\n\t\t\t\t<div class=\"elementor-widget-container\">\n\t\t\t\t\t\t\t<p>In all places and in all situations, we must carry out our activities in full respect of the ethical and moral rules of society and the environment.<\/p>\t\t\t\t\t\t<\/div>\n\t\t\t\t<\/div>\n\t\t\t\t\t<\/div>\n\t\t<\/div>\n\t\t\t\t<div class=\"elementor-column elementor-col-50 elementor-top-column elementor-element elementor-element-9d8ae68\" data-id=\"9d8ae68\" data-element_type=\"column\">\n\t\t\t<div class=\"elementor-widget-wrap elementor-element-populated\">\n\t\t\t\t\t\t\t\t<div class=\"elementor-element elementor-element-aa07410 elementor-widget elementor-widget-image\" data-id=\"aa07410\" data-element_type=\"widget\" data-widget_type=\"image.default\">\n\t\t\t\t<div class=\"elementor-widget-container\">\n\t\t\t\t\t\t\t\t\t\t\t\t\t\t\t<img decoding=\"async\" width=\"694\" height=\"378\" src=\"https:\/\/fbeengineering.com\/wp-content\/uploads\/2022\/07\/Integrite-1-e1657408362732.jpg\" class=\"attachment-full size-full wp-image-1347\" alt=\"\" loading=\"lazy\" srcset=\"https:\/\/fbeengineering.com\/wp-content\/uploads\/2022\/07\/Integrite-1-e1657408362732.jpg 694w, https:\/\/fbeengineering.com\/wp-content\/uploads\/2022\/07\/Integrite-1-e1657408362732-300x163.jpg 300w, https:\/\/fbeengineering.com\/wp-content\/uploads\/2022\/07\/Integrite-1-e1657408362732-18x10.jpg 18w, https:\/\/fbeengineering.com\/wp-content\/uploads\/2022\/07\/Integrite-1-e1657408362732-600x327.jpg 600w\" sizes=\"(max-width: 694px) 100vw, 694px\" \/>\t\t\t\t\t\t\t\t\t\t\t\t\t\t\t<\/div>\n\t\t\t\t<\/div>\n\t\t\t\t\t<\/div>\n\t\t<\/div>\n\t\t\t\t\t\t\t<\/div>\n\t\t<\/section>\n\t\t\t\t<section class=\"elementor-section elementor-top-section elementor-element elementor-element-8e9c75f elementor-reverse-mobile elementor-section-boxed elementor-section-height-default elementor-section-height-default\" data-id=\"8e9c75f\" data-element_type=\"section\">\n\t\t\t\t\t\t<div class=\"elementor-container elementor-column-gap-default\">\n\t\t\t\t\t<div class=\"elementor-column elementor-col-50 elementor-top-column elementor-element elementor-element-5da97b6\" data-id=\"5da97b6\" data-element_type=\"column\">\n\t\t\t<div class=\"elementor-widget-wrap elementor-element-populated\">\n\t\t\t\t\t\t\t\t<div class=\"elementor-element elementor-element-19c58dc elementor-widget elementor-widget-image\" data-id=\"19c58dc\" data-element_type=\"widget\" data-widget_type=\"image.default\">\n\t\t\t\t<div class=\"elementor-widget-container\">\n\t\t\t\t\t\t\t\t\t\t\t\t\t\t\t<img decoding=\"async\" width=\"850\" height=\"363\" src=\"https:\/\/fbeengineering.com\/wp-content\/uploads\/2022\/07\/loyalty-e1657409150685.jpg\" class=\"attachment-full size-full wp-image-1355\" alt=\"\" loading=\"lazy\" srcset=\"https:\/\/fbeengineering.com\/wp-content\/uploads\/2022\/07\/loyalty-e1657409150685.jpg 850w, https:\/\/fbeengineering.com\/wp-content\/uploads\/2022\/07\/loyalty-e1657409150685-300x128.jpg 300w, https:\/\/fbeengineering.com\/wp-content\/uploads\/2022\/07\/loyalty-e1657409150685-768x328.jpg 768w, https:\/\/fbeengineering.com\/wp-content\/uploads\/2022\/07\/loyalty-e1657409150685-18x8.jpg 18w, https:\/\/fbeengineering.com\/wp-content\/uploads\/2022\/07\/loyalty-e1657409150685-600x256.jpg 600w\" sizes=\"(max-width: 850px) 100vw, 850px\" \/>\t\t\t\t\t\t\t\t\t\t\t\t\t\t\t<\/div>\n\t\t\t\t<\/div>\n\t\t\t\t\t<\/div>\n\t\t<\/div>\n\t\t\t\t<div class=\"elementor-column elementor-col-50 elementor-top-column elementor-element elementor-element-f33379a\" data-id=\"f33379a\" data-element_type=\"column\">\n\t\t\t<div class=\"elementor-widget-wrap elementor-element-populated\">\n\t\t\t\t\t\t\t\t<div class=\"elementor-element elementor-element-4817c38 elementor-widget elementor-widget-heading\" data-id=\"4817c38\" data-element_type=\"widget\" data-widget_type=\"heading.default\">\n\t\t\t\t<div class=\"elementor-widget-container\">\n\t\t\t<h2 class=\"elementor-heading-title elementor-size-default\">Loyalty<\/h2>\t\t<\/div>\n\t\t\t\t<\/div>\n\t\t\t\t<div class=\"elementor-element elementor-element-a4f3c61 elementor-widget elementor-widget-text-editor\" data-id=\"a4f3c61\" data-element_type=\"widget\" data-widget_type=\"text-editor.default\">\n\t\t\t\t<div class=\"elementor-widget-container\">\n\t\t\t\t\t\t\t<p>In order to strengthen the competitiveness of the company, it is important that everyone \u2013 the company and its employees \u2013 cultivates and applies the values \u200b\u200bof honesty, sincerity, honesty, reliability, transparency and respect for its obligations. , maintains, guarantees and develops loyalty value.<\/p>\t\t\t\t\t\t<\/div>\n\t\t\t\t<\/div>\n\t\t\t\t\t<\/div>\n\t\t<\/div>\n\t\t\t\t\t\t\t<\/div>\n\t\t<\/section>\n\t\t\t\t<section class=\"elementor-section elementor-top-section elementor-element elementor-element-1129420 elementor-section-boxed elementor-section-height-default elementor-section-height-default\" data-id=\"1129420\" data-element_type=\"section\">\n\t\t\t\t\t\t<div class=\"elementor-container elementor-column-gap-default\">\n\t\t\t\t\t<div class=\"elementor-column elementor-col-50 elementor-top-column elementor-element elementor-element-ed87d36\" data-id=\"ed87d36\" data-element_type=\"column\">\n\t\t\t<div class=\"elementor-widget-wrap elementor-element-populated\">\n\t\t\t\t\t\t\t\t<div class=\"elementor-element elementor-element-340c239 elementor-widget elementor-widget-heading\" data-id=\"340c239\" data-element_type=\"widget\" data-widget_type=\"heading.default\">\n\t\t\t\t<div class=\"elementor-widget-container\">\n\t\t\t<h2 class=\"elementor-heading-title elementor-size-default\">Professionalism<\/h2>\t\t<\/div>\n\t\t\t\t<\/div>\n\t\t\t\t<div class=\"elementor-element elementor-element-ac7066e elementor-widget elementor-widget-text-editor\" data-id=\"ac7066e\" data-element_type=\"widget\" data-widget_type=\"text-editor.default\">\n\t\t\t\t<div class=\"elementor-widget-container\">\n\t\t\t\t\t\t\t<p>We have built our reputation on the skills and expertise of a team of women and men committed to a holistic approach to quality and accountability. This has earned us the trust of major international companies. Integrating standards and compliance with continuous improvement procedures in the management of our processes will always be our greatest challenge, today and tomorrow.<\/p>\t\t\t\t\t\t<\/div>\n\t\t\t\t<\/div>\n\t\t\t\t\t<\/div>\n\t\t<\/div>\n\t\t\t\t<div class=\"elementor-column elementor-col-50 elementor-top-column elementor-element elementor-element-95fea81\" data-id=\"95fea81\" data-element_type=\"column\">\n\t\t\t<div class=\"elementor-widget-wrap elementor-element-populated\">\n\t\t\t\t\t\t\t\t<div class=\"elementor-element elementor-element-3b64580 elementor-widget elementor-widget-image\" data-id=\"3b64580\" data-element_type=\"widget\" data-widget_type=\"image.default\">\n\t\t\t\t<div class=\"elementor-widget-container\">\n\t\t\t\t\t\t\t\t\t\t\t\t\t\t\t<img decoding=\"async\" width=\"1500\" height=\"682\" src=\"https:\/\/fbeengineering.com\/wp-content\/uploads\/2022\/07\/professionalism-e1657409715403.jpg\" class=\"attachment-full size-full wp-image-1361\" alt=\"\" loading=\"lazy\" srcset=\"https:\/\/fbeengineering.com\/wp-content\/uploads\/2022\/07\/professionalism-e1657409715403.jpg 1500w, https:\/\/fbeengineering.com\/wp-content\/uploads\/2022\/07\/professionalism-e1657409715403-300x136.jpg 300w, https:\/\/fbeengineering.com\/wp-content\/uploads\/2022\/07\/professionalism-e1657409715403-1024x466.jpg 1024w, https:\/\/fbeengineering.com\/wp-content\/uploads\/2022\/07\/professionalism-e1657409715403-768x349.jpg 768w, https:\/\/fbeengineering.com\/wp-content\/uploads\/2022\/07\/professionalism-e1657409715403-18x8.jpg 18w, https:\/\/fbeengineering.com\/wp-content\/uploads\/2022\/07\/professionalism-e1657409715403-600x273.jpg 600w\" sizes=\"(max-width: 1500px) 100vw, 1500px\" \/>\t\t\t\t\t\t\t\t\t\t\t\t\t\t\t<\/div>\n\t\t\t\t<\/div>\n\t\t\t\t\t<\/div>\n\t\t<\/div>\n\t\t\t\t\t\t\t<\/div>\n\t\t<\/section>\n\t\t\t\t<section class=\"elementor-section elementor-top-section elementor-element elementor-element-2ae207a elementor-reverse-mobile elementor-section-boxed elementor-section-height-default elementor-section-height-default\" data-id=\"2ae207a\" data-element_type=\"section\">\n\t\t\t\t\t\t<div class=\"elementor-container elementor-column-gap-default\">\n\t\t\t\t\t<div class=\"elementor-column elementor-col-50 elementor-top-column elementor-element elementor-element-0dbe63b\" data-id=\"0dbe63b\" data-element_type=\"column\">\n\t\t\t<div class=\"elementor-widget-wrap elementor-element-populated\">\n\t\t\t\t\t\t\t\t<div class=\"elementor-element elementor-element-b97d653 elementor-widget elementor-widget-image\" data-id=\"b97d653\" data-element_type=\"widget\" data-widget_type=\"image.default\">\n\t\t\t\t<div class=\"elementor-widget-container\">\n\t\t\t\t\t\t\t\t\t\t\t\t\t\t\t<img decoding=\"async\" width=\"1280\" height=\"588\" src=\"https:\/\/fbeengineering.com\/wp-content\/uploads\/2022\/07\/innovation-1.jpg\" class=\"attachment-full size-full wp-image-1369\" alt=\"\" loading=\"lazy\" srcset=\"https:\/\/fbeengineering.com\/wp-content\/uploads\/2022\/07\/innovation-1.jpg 1280w, https:\/\/fbeengineering.com\/wp-content\/uploads\/2022\/07\/innovation-1-300x138.jpg 300w, https:\/\/fbeengineering.com\/wp-content\/uploads\/2022\/07\/innovation-1-1024x470.jpg 1024w, https:\/\/fbeengineering.com\/wp-content\/uploads\/2022\/07\/innovation-1-768x353.jpg 768w, https:\/\/fbeengineering.com\/wp-content\/uploads\/2022\/07\/innovation-1-18x8.jpg 18w, https:\/\/fbeengineering.com\/wp-content\/uploads\/2022\/07\/innovation-1-600x276.jpg 600w\" sizes=\"(max-width: 1280px) 100vw, 1280px\" \/>\t\t\t\t\t\t\t\t\t\t\t\t\t\t\t<\/div>\n\t\t\t\t<\/div>\n\t\t\t\t\t<\/div>\n\t\t<\/div>\n\t\t\t\t<div class=\"elementor-column elementor-col-50 elementor-top-column elementor-element elementor-element-7b63699\" data-id=\"7b63699\" data-element_type=\"column\">\n\t\t\t<div class=\"elementor-widget-wrap elementor-element-populated\">\n\t\t\t\t\t\t\t\t<div class=\"elementor-element elementor-element-358b8be elementor-widget elementor-widget-heading\" data-id=\"358b8be\" data-element_type=\"widget\" data-widget_type=\"heading.default\">\n\t\t\t\t<div class=\"elementor-widget-container\">\n\t\t\t<h2 class=\"elementor-heading-title elementor-size-default\">Innovation<\/h2>\t\t<\/div>\n\t\t\t\t<\/div>\n\t\t\t\t<div class=\"elementor-element elementor-element-dfa7252 elementor-widget elementor-widget-text-editor\" data-id=\"dfa7252\" data-element_type=\"widget\" data-widget_type=\"text-editor.default\">\n\t\t\t\t<div class=\"elementor-widget-container\">\n\t\t\t\t\t\t\t<p>In order to strengthen the competitiveness of companies in a constantly changing world, our ability to adapt to the changing environment to find effective, efficient and fair solutions with high added value will be a constant challenge.<\/p>\t\t\t\t\t\t<\/div>\n\t\t\t\t<\/div>\n\t\t\t\t\t<\/div>\n\t\t<\/div>\n\t\t\t\t\t\t\t<\/div>\n\t\t<\/section>\n\t\t\t\t\t\t\t<\/div>","protected":false},"excerpt":{"rendered":"<p>Nos valeurs Accueil \/ Qui sommes-nous? \/ Nos valeurs Performance La mise en \u0153uvre est l&rsquo;am\u00e9lioration continue de l&rsquo;efficacit\u00e9 qui implique chacun de nous et l&rsquo;ensemble de l&rsquo;organisation dans les processus, les d\u00e9cisions et les relations avec les partenaires. En tant qu&rsquo;appel \u00e0 l&rsquo;action, l&rsquo;efficacit\u00e9 a des indicateurs : expertise, contr\u00f4le, productivit\u00e9, comp\u00e9titivit\u00e9, qualit\u00e9 des &hellip;<\/p>\n<p class=\"read-more\"> <a class=\"\" href=\"https:\/\/fbeengineering.com\/en\/who-we-are\/our-values\/\"> <span class=\"screen-reader-text\">Our values<\/span> Read More &raquo;<\/a><\/p>","protected":false},"author":1,"featured_media":0,"parent":106,"menu_order":0,"comment_status":"closed","ping_status":"closed","template":"","meta":{"om_disable_all_campaigns":false,"_mi_skip_tracking":false,"site-sidebar-layout":"no-sidebar","site-content-layout":"page-builder","ast-global-header-display":"","ast-main-header-display":"","ast-hfb-above-header-display":"","ast-hfb-below-header-display":"","ast-hfb-mobile-header-display":"","site-post-title":"disabled","ast-breadcrumbs-content":"","ast-featured-img":"disabled","footer-sml-layout":"","theme-transparent-header-meta":"default","adv-header-id-meta":"","stick-header-meta":"","header-above-stick-meta":"","header-main-stick-meta":"","header-below-stick-meta":""},"aioseo_notices":[],"_links":{"self":[{"href":"https:\/\/fbeengineering.com\/en\/wp-json\/wp\/v2\/pages\/110"}],"collection":[{"href":"https:\/\/fbeengineering.com\/en\/wp-json\/wp\/v2\/pages"}],"about":[{"href":"https:\/\/fbeengineering.com\/en\/wp-json\/wp\/v2\/types\/page"}],"author":[{"embeddable":true,"href":"https:\/\/fbeengineering.com\/en\/wp-json\/wp\/v2\/users\/1"}],"replies":[{"embeddable":true,"href":"https:\/\/fbeengineering.com\/en\/wp-json\/wp\/v2\/comments?post=110"}],"version-history":[{"count":69,"href":"https:\/\/fbeengineering.com\/en\/wp-json\/wp\/v2\/pages\/110\/revisions"}],"predecessor-version":[{"id":1462,"href":"https:\/\/fbeengineering.com\/en\/wp-json\/wp\/v2\/pages\/110\/revisions\/1462"}],"up":[{"embeddable":true,"href":"https:\/\/fbeengineering.com\/en\/wp-json\/wp\/v2\/pages\/106"}],"wp:attachment":[{"href":"https:\/\/fbeengineering.com\/en\/wp-json\/wp\/v2\/media?parent=110"}],"curies":[{"name":"wp","href":"https:\/\/api.w.org\/{rel}","templated":true}]}}