{"id":1210,"date":"2022-07-06T18:01:29","date_gmt":"2022-07-06T18:01:29","guid":{"rendered":"http:\/\/fbeengineering.com\/?post_type=product&#038;p=1210"},"modified":"2022-07-09T02:19:41","modified_gmt":"2022-07-09T02:19:41","slug":"chips-de-mangue-copie","status":"publish","type":"product","link":"https:\/\/fbeengineering.com\/en\/product\/chips-de-mangue-copie\/","title":{"rendered":"Mango chips"},"content":{"rendered":"<p>The first benefit of dried mango is related to vitamin A. In fact, dried mangoes are rich in vitamin A. This vitamin is vital for healthy vision, radiant skin and a strong immune system. As such, eating dried mangoes may help improve eyesight and treat eye conditions associated with aging, as well as eye disorders such as glaucoma and cataracts.<\/p>\n<p>&nbsp;<\/p>\n<p>Price: 1000 FCFA<\/p>","protected":false},"excerpt":{"rendered":"<p>Le premier avantage de la mangue s\u00e9ch\u00e9e est li\u00e9 \u00e0 la vitamine A. En fait, les mangues s\u00e9ch\u00e9es sont riches en vitamine A. Cette vitamine est vitale pour une vision saine, une peau radieuse et un syst\u00e8me immunitaire fort. En tant que tel, manger des mangues s\u00e9ch\u00e9es peut aider \u00e0 am\u00e9liorer la vue et \u00e0 &hellip;<\/p>\n<p class=\"read-more\"> <a class=\"\" href=\"https:\/\/fbeengineering.com\/en\/product\/chips-de-mangue-copie\/\"> <span class=\"screen-reader-text\">Mango chips<\/span> Read More &raquo;<\/a><\/p>","protected":false},"featured_media":1169,"comment_status":"open","ping_status":"closed","template":"","meta":{"om_disable_all_campaigns":false,"_mi_skip_tracking":false,"site-sidebar-layout":"default","site-content-layout":"default","ast-global-header-display":"","ast-main-header-display":"","ast-hfb-above-header-display":"","ast-hfb-below-header-display":"","ast-hfb-mobile-header-display":"","site-post-title":"","ast-breadcrumbs-content":"","ast-featured-img":"","footer-sml-layout":"","theme-transparent-header-meta":"default","adv-header-id-meta":"","stick-header-meta":"","header-above-stick-meta":"","header-main-stick-meta":"","header-below-stick-meta":""},"product_cat":[21],"product_tag":[],"aioseo_notices":[],"_links":{"self":[{"href":"https:\/\/fbeengineering.com\/en\/wp-json\/wp\/v2\/product\/1210"}],"collection":[{"href":"https:\/\/fbeengineering.com\/en\/wp-json\/wp\/v2\/product"}],"about":[{"href":"https:\/\/fbeengineering.com\/en\/wp-json\/wp\/v2\/types\/product"}],"replies":[{"embeddable":true,"href":"https:\/\/fbeengineering.com\/en\/wp-json\/wp\/v2\/comments?post=1210"}],"wp:featuredmedia":[{"embeddable":true,"href":"https:\/\/fbeengineering.com\/en\/wp-json\/wp\/v2\/media\/1169"}],"wp:attachment":[{"href":"https:\/\/fbeengineering.com\/en\/wp-json\/wp\/v2\/media?parent=1210"}],"wp:term":[{"taxonomy":"product_cat","embeddable":true,"href":"https:\/\/fbeengineering.com\/en\/wp-json\/wp\/v2\/product_cat?post=1210"},{"taxonomy":"product_tag","embeddable":true,"href":"https:\/\/fbeengineering.com\/en\/wp-json\/wp\/v2\/product_tag?post=1210"}],"curies":[{"name":"wp","href":"https:\/\/api.w.org\/{rel}","templated":true}]}}