{"id":265,"date":"2022-05-08T17:50:38","date_gmt":"2022-05-08T17:50:38","guid":{"rendered":"http:\/\/fbeengineering.com\/?post_type=product&#038;p=265"},"modified":"2022-07-09T01:06:31","modified_gmt":"2022-07-09T01:06:31","slug":"malta-tonic","status":"publish","type":"product","link":"https:\/\/fbeengineering.com\/en\/product\/malta-tonic\/","title":{"rendered":"Cashew juice"},"content":{"rendered":"<p>La pomme de cajou peut \u00eatre consomm\u00e9e fraiche, en confiture, en glace et en jus.<\/p>\n<p>Il est \u00e0 noter que la pomme de cajou est utilis\u00e9e pour traiter le scorbut et la diarrh\u00e9e, et est \u00e9fficace dans la pr\u00e9vention du chol\u00e9ra. Elle est \u00e9galement utilis\u00e9e pour traiter les douleurs neurologiques et le rhumatisme.<\/p>\n<p>Prix: 700 FCFA<\/p>","protected":false},"excerpt":{"rendered":"<p>La pomme de cajou peut \u00eatre consomm\u00e9e fraiche, en confiture, en glace et en jus. Il est \u00e0 noter que la pomme de cajou est utilis\u00e9e pour traiter le scorbut et la diarrh\u00e9e, et est \u00e9fficace dans la pr\u00e9vention du chol\u00e9ra. Elle est \u00e9galement utilis\u00e9e pour traiter les douleurs neurologiques et le rhumatisme. Prix: 700 &hellip;<\/p>\n<p class=\"read-more\"> <a class=\"\" href=\"https:\/\/fbeengineering.com\/en\/product\/malta-tonic\/\"> <span class=\"screen-reader-text\">Cashew juice<\/span> Read More &raquo;<\/a><\/p>","protected":false},"featured_media":1208,"comment_status":"open","ping_status":"closed","template":"","meta":{"om_disable_all_campaigns":false,"_mi_skip_tracking":false,"site-sidebar-layout":"default","site-content-layout":"default","ast-global-header-display":"","ast-main-header-display":"","ast-hfb-above-header-display":"","ast-hfb-below-header-display":"","ast-hfb-mobile-header-display":"","site-post-title":"","ast-breadcrumbs-content":"","ast-featured-img":"","footer-sml-layout":"","theme-transparent-header-meta":"default","adv-header-id-meta":"","stick-header-meta":"","header-above-stick-meta":"","header-main-stick-meta":"","header-below-stick-meta":""},"product_cat":[22],"product_tag":[],"aioseo_notices":[],"_links":{"self":[{"href":"https:\/\/fbeengineering.com\/en\/wp-json\/wp\/v2\/product\/265"}],"collection":[{"href":"https:\/\/fbeengineering.com\/en\/wp-json\/wp\/v2\/product"}],"about":[{"href":"https:\/\/fbeengineering.com\/en\/wp-json\/wp\/v2\/types\/product"}],"replies":[{"embeddable":true,"href":"https:\/\/fbeengineering.com\/en\/wp-json\/wp\/v2\/comments?post=265"}],"wp:featuredmedia":[{"embeddable":true,"href":"https:\/\/fbeengineering.com\/en\/wp-json\/wp\/v2\/media\/1208"}],"wp:attachment":[{"href":"https:\/\/fbeengineering.com\/en\/wp-json\/wp\/v2\/media?parent=265"}],"wp:term":[{"taxonomy":"product_cat","embeddable":true,"href":"https:\/\/fbeengineering.com\/en\/wp-json\/wp\/v2\/product_cat?post=265"},{"taxonomy":"product_tag","embeddable":true,"href":"https:\/\/fbeengineering.com\/en\/wp-json\/wp\/v2\/product_tag?post=265"}],"curies":[{"name":"wp","href":"https:\/\/api.w.org\/{rel}","templated":true}]}}