{"id":328,"date":"2022-05-10T18:39:49","date_gmt":"2022-05-10T18:39:49","guid":{"rendered":"http:\/\/fbeengineering.com\/?post_type=product&#038;p=328"},"modified":"2022-07-09T01:07:55","modified_gmt":"2022-07-09T01:07:55","slug":"cookies","status":"publish","type":"product","link":"https:\/\/fbeengineering.com\/en\/product\/cookies\/","title":{"rendered":"Cashew nut oil"},"content":{"rendered":"<p>L\u2019huile d\u2019anacarde ou huile de noix de cajou contient 80% d\u2019acides gras insatur\u00e9s dont les plus repr\u00e9sentatifs sont l\u2019acide ol\u00e9ique \u2013 om\u00e9ga 9 &#8211; et l\u2019acide linol\u00e9ique \u2013 om\u00e9ga 6 &#8211; (1, 2, 3, 10).<\/p>\n<p>Tr\u00e8s bient\u00f4t disponible dans nos centres de ravitaillement.<\/p>\n<p>&nbsp;<\/p>","protected":false},"excerpt":{"rendered":"<p>L\u2019huile d\u2019anacarde ou huile de noix de cajou contient 80% d\u2019acides gras insatur\u00e9s dont les plus repr\u00e9sentatifs sont l\u2019acide ol\u00e9ique \u2013 om\u00e9ga 9 &#8211; et l\u2019acide linol\u00e9ique \u2013 om\u00e9ga 6 &#8211; (1, 2, 3, 10). Tr\u00e8s bient\u00f4t disponible dans nos centres de ravitaillement. &nbsp;<\/p>","protected":false},"featured_media":1225,"comment_status":"open","ping_status":"closed","template":"","meta":{"om_disable_all_campaigns":false,"_mi_skip_tracking":false,"site-sidebar-layout":"default","site-content-layout":"default","ast-global-header-display":"","ast-main-header-display":"","ast-hfb-above-header-display":"","ast-hfb-below-header-display":"","ast-hfb-mobile-header-display":"","site-post-title":"","ast-breadcrumbs-content":"","ast-featured-img":"","footer-sml-layout":"","theme-transparent-header-meta":"default","adv-header-id-meta":"","stick-header-meta":"","header-above-stick-meta":"","header-main-stick-meta":"","header-below-stick-meta":""},"product_cat":[21],"product_tag":[],"aioseo_notices":[],"_links":{"self":[{"href":"https:\/\/fbeengineering.com\/en\/wp-json\/wp\/v2\/product\/328"}],"collection":[{"href":"https:\/\/fbeengineering.com\/en\/wp-json\/wp\/v2\/product"}],"about":[{"href":"https:\/\/fbeengineering.com\/en\/wp-json\/wp\/v2\/types\/product"}],"replies":[{"embeddable":true,"href":"https:\/\/fbeengineering.com\/en\/wp-json\/wp\/v2\/comments?post=328"}],"wp:featuredmedia":[{"embeddable":true,"href":"https:\/\/fbeengineering.com\/en\/wp-json\/wp\/v2\/media\/1225"}],"wp:attachment":[{"href":"https:\/\/fbeengineering.com\/en\/wp-json\/wp\/v2\/media?parent=328"}],"wp:term":[{"taxonomy":"product_cat","embeddable":true,"href":"https:\/\/fbeengineering.com\/en\/wp-json\/wp\/v2\/product_cat?post=328"},{"taxonomy":"product_tag","embeddable":true,"href":"https:\/\/fbeengineering.com\/en\/wp-json\/wp\/v2\/product_tag?post=328"}],"curies":[{"name":"wp","href":"https:\/\/api.w.org\/{rel}","templated":true}]}}