{"id":335,"date":"2022-05-10T19:29:35","date_gmt":"2022-05-10T19:29:35","guid":{"rendered":"http:\/\/fbeengineering.com\/?post_type=product&#038;p=335"},"modified":"2022-07-09T02:24:30","modified_gmt":"2022-07-09T02:24:30","slug":"star-cookies","status":"publish","type":"product","link":"https:\/\/fbeengineering.com\/en\/product\/star-cookies\/","title":{"rendered":"Cashew chips"},"content":{"rendered":"<div class=\"uc_description\">\n<p>Aussi bon au go\u00fbt que pour la sant\u00e9, c&rsquo;est le fruit id\u00e9al pendant et apr\u00e8s l&rsquo;effort, pour stopper une fringale,\u00a0ou tout simplement pour combler une envie de gourmandise !<\/p>\n<p>Price: 1000 FCFA<\/p>\n<\/div>","protected":false},"excerpt":{"rendered":"<p>Aussi bon au go\u00fbt que pour la sant\u00e9, c&rsquo;est le fruit id\u00e9al pendant et apr\u00e8s l&rsquo;effort, pour stopper une fringale,\u00a0ou tout simplement pour combler une envie de gourmandise ! Prix: 1000 FCFA<\/p>","protected":false},"featured_media":1059,"comment_status":"open","ping_status":"closed","template":"","meta":{"om_disable_all_campaigns":false,"_mi_skip_tracking":false,"site-sidebar-layout":"default","site-content-layout":"default","ast-global-header-display":"","ast-main-header-display":"","ast-hfb-above-header-display":"","ast-hfb-below-header-display":"","ast-hfb-mobile-header-display":"","site-post-title":"","ast-breadcrumbs-content":"","ast-featured-img":"","footer-sml-layout":"","theme-transparent-header-meta":"default","adv-header-id-meta":"","stick-header-meta":"","header-above-stick-meta":"","header-main-stick-meta":"","header-below-stick-meta":""},"product_cat":[21],"product_tag":[],"aioseo_notices":[],"_links":{"self":[{"href":"https:\/\/fbeengineering.com\/en\/wp-json\/wp\/v2\/product\/335"}],"collection":[{"href":"https:\/\/fbeengineering.com\/en\/wp-json\/wp\/v2\/product"}],"about":[{"href":"https:\/\/fbeengineering.com\/en\/wp-json\/wp\/v2\/types\/product"}],"replies":[{"embeddable":true,"href":"https:\/\/fbeengineering.com\/en\/wp-json\/wp\/v2\/comments?post=335"}],"wp:featuredmedia":[{"embeddable":true,"href":"https:\/\/fbeengineering.com\/en\/wp-json\/wp\/v2\/media\/1059"}],"wp:attachment":[{"href":"https:\/\/fbeengineering.com\/en\/wp-json\/wp\/v2\/media?parent=335"}],"wp:term":[{"taxonomy":"product_cat","embeddable":true,"href":"https:\/\/fbeengineering.com\/en\/wp-json\/wp\/v2\/product_cat?post=335"},{"taxonomy":"product_tag","embeddable":true,"href":"https:\/\/fbeengineering.com\/en\/wp-json\/wp\/v2\/product_tag?post=335"}],"curies":[{"name":"wp","href":"https:\/\/api.w.org\/{rel}","templated":true}]}}