{"id":339,"date":"2022-05-11T17:14:28","date_gmt":"2022-05-11T17:14:28","guid":{"rendered":"http:\/\/fbeengineering.com\/?post_type=product&#038;p=339"},"modified":"2022-07-09T02:39:03","modified_gmt":"2022-07-09T02:39:03","slug":"cup-cakes","status":"publish","type":"product","link":"https:\/\/fbeengineering.com\/en\/product\/cup-cakes\/","title":{"rendered":"Cashew nut"},"content":{"rendered":"<p>&nbsp;<\/p>\n<ul>\n<li>Excellent source of monounsaturated lipids<\/li>\n<li>High content of vitamins and minerals<\/li>\n<li>Favorise la sati\u00e9t\u00e9 et le transit<\/li>\n<li>Prot\u00e9ines v\u00e9g\u00e9tales<\/li>\n<li>Pouvoir antioxydant<\/li>\n<\/ul>\n<p>Price: 1000 FCFA<\/p>","protected":false},"excerpt":{"rendered":"<p>&nbsp; Excellente source de lipides mono-insatur\u00e9s Haute teneur en vitamines et min\u00e9raux Favorise la sati\u00e9t\u00e9 et le transit Prot\u00e9ines v\u00e9g\u00e9tales Pouvoir antioxydant Prix: 1000 FCFA<\/p>","protected":false},"featured_media":1060,"comment_status":"open","ping_status":"closed","template":"","meta":{"om_disable_all_campaigns":false,"_mi_skip_tracking":false,"site-sidebar-layout":"default","site-content-layout":"default","ast-global-header-display":"","ast-main-header-display":"","ast-hfb-above-header-display":"","ast-hfb-below-header-display":"","ast-hfb-mobile-header-display":"","site-post-title":"","ast-breadcrumbs-content":"","ast-featured-img":"","footer-sml-layout":"","theme-transparent-header-meta":"default","adv-header-id-meta":"","stick-header-meta":"","header-above-stick-meta":"","header-main-stick-meta":"","header-below-stick-meta":""},"product_cat":[21],"product_tag":[],"aioseo_notices":[],"_links":{"self":[{"href":"https:\/\/fbeengineering.com\/en\/wp-json\/wp\/v2\/product\/339"}],"collection":[{"href":"https:\/\/fbeengineering.com\/en\/wp-json\/wp\/v2\/product"}],"about":[{"href":"https:\/\/fbeengineering.com\/en\/wp-json\/wp\/v2\/types\/product"}],"replies":[{"embeddable":true,"href":"https:\/\/fbeengineering.com\/en\/wp-json\/wp\/v2\/comments?post=339"}],"wp:featuredmedia":[{"embeddable":true,"href":"https:\/\/fbeengineering.com\/en\/wp-json\/wp\/v2\/media\/1060"}],"wp:attachment":[{"href":"https:\/\/fbeengineering.com\/en\/wp-json\/wp\/v2\/media?parent=339"}],"wp:term":[{"taxonomy":"product_cat","embeddable":true,"href":"https:\/\/fbeengineering.com\/en\/wp-json\/wp\/v2\/product_cat?post=339"},{"taxonomy":"product_tag","embeddable":true,"href":"https:\/\/fbeengineering.com\/en\/wp-json\/wp\/v2\/product_tag?post=339"}],"curies":[{"name":"wp","href":"https:\/\/api.w.org\/{rel}","templated":true}]}}