{"id":348,"date":"2022-05-11T17:42:12","date_gmt":"2022-05-11T17:42:12","guid":{"rendered":"http:\/\/fbeengineering.com\/?post_type=product&#038;p=348"},"modified":"2022-07-09T11:27:08","modified_gmt":"2022-07-09T11:27:08","slug":"service-1","status":"publish","type":"product","link":"https:\/\/fbeengineering.com\/en\/product\/service-1\/","title":{"rendered":"Maintenances industrielles"},"content":{"rendered":"<ul>\n<li>le d\u00e9pannage<\/li>\n<li>la r\u00e9paration<\/li>\n<li>la v\u00e9rification<\/li>\n<li>le contr\u00f4le<\/li>\n<li>le d\u00e9classement<\/li>\n<li>la gestion<\/li>\n<\/ul>","protected":false},"excerpt":{"rendered":"<p>le d\u00e9pannage la r\u00e9paration la v\u00e9rification le contr\u00f4le le d\u00e9classement la gestion<\/p>","protected":false},"featured_media":1245,"comment_status":"open","ping_status":"closed","template":"","meta":{"om_disable_all_campaigns":false,"_mi_skip_tracking":false,"site-sidebar-layout":"default","site-content-layout":"default","ast-global-header-display":"","ast-main-header-display":"","ast-hfb-above-header-display":"","ast-hfb-below-header-display":"","ast-hfb-mobile-header-display":"","site-post-title":"","ast-breadcrumbs-content":"","ast-featured-img":"","footer-sml-layout":"","theme-transparent-header-meta":"default","adv-header-id-meta":"","stick-header-meta":"","header-above-stick-meta":"","header-main-stick-meta":"","header-below-stick-meta":""},"product_cat":[23],"product_tag":[],"aioseo_notices":[],"_links":{"self":[{"href":"https:\/\/fbeengineering.com\/en\/wp-json\/wp\/v2\/product\/348"}],"collection":[{"href":"https:\/\/fbeengineering.com\/en\/wp-json\/wp\/v2\/product"}],"about":[{"href":"https:\/\/fbeengineering.com\/en\/wp-json\/wp\/v2\/types\/product"}],"replies":[{"embeddable":true,"href":"https:\/\/fbeengineering.com\/en\/wp-json\/wp\/v2\/comments?post=348"}],"wp:featuredmedia":[{"embeddable":true,"href":"https:\/\/fbeengineering.com\/en\/wp-json\/wp\/v2\/media\/1245"}],"wp:attachment":[{"href":"https:\/\/fbeengineering.com\/en\/wp-json\/wp\/v2\/media?parent=348"}],"wp:term":[{"taxonomy":"product_cat","embeddable":true,"href":"https:\/\/fbeengineering.com\/en\/wp-json\/wp\/v2\/product_cat?post=348"},{"taxonomy":"product_tag","embeddable":true,"href":"https:\/\/fbeengineering.com\/en\/wp-json\/wp\/v2\/product_tag?post=348"}],"curies":[{"name":"wp","href":"https:\/\/api.w.org\/{rel}","templated":true}]}}