{"id":349,"date":"2022-05-11T17:45:31","date_gmt":"2022-05-11T17:45:31","guid":{"rendered":"http:\/\/fbeengineering.com\/?post_type=product&#038;p=349"},"modified":"2022-07-09T12:01:01","modified_gmt":"2022-07-09T12:01:01","slug":"s2","status":"publish","type":"product","link":"https:\/\/fbeengineering.com\/en\/product\/s2\/","title":{"rendered":"Formations et conseils en transformation agroalimentaires"},"content":{"rendered":"<p>L\u2019objectif de cette fiche est de mettre \u00e0 la disposition des techniciens et techniciennes des notions compl\u00e9mentaires sur quelques concepts de base n\u00e9cessaires li\u00e9s \u00e0 la transformation des produits agricoles<br \/>\nalimentaires.<br \/>\nA la fin de la formation, les participants\/participantes maitrisent les concepts cl\u00e9s en mati\u00e8re de transformation des produits agricoles alimentaires.<\/p>","protected":false},"excerpt":{"rendered":"<p>L\u2019objectif de cette fiche est de mettre \u00e0 la disposition des techniciens et techniciennes des notions compl\u00e9mentaires sur quelques concepts de base n\u00e9cessaires li\u00e9s \u00e0 la transformation des produits agricoles alimentaires. A la fin de la formation, les participants\/participantes maitrisent les concepts cl\u00e9s en mati\u00e8re de transformation des produits agricoles alimentaires.<\/p>","protected":false},"featured_media":1071,"comment_status":"open","ping_status":"closed","template":"","meta":{"om_disable_all_campaigns":false,"_mi_skip_tracking":false,"site-sidebar-layout":"default","site-content-layout":"default","ast-global-header-display":"","ast-main-header-display":"","ast-hfb-above-header-display":"","ast-hfb-below-header-display":"","ast-hfb-mobile-header-display":"","site-post-title":"","ast-breadcrumbs-content":"","ast-featured-img":"","footer-sml-layout":"","theme-transparent-header-meta":"default","adv-header-id-meta":"","stick-header-meta":"","header-above-stick-meta":"","header-main-stick-meta":"","header-below-stick-meta":""},"product_cat":[23],"product_tag":[],"aioseo_notices":[],"_links":{"self":[{"href":"https:\/\/fbeengineering.com\/en\/wp-json\/wp\/v2\/product\/349"}],"collection":[{"href":"https:\/\/fbeengineering.com\/en\/wp-json\/wp\/v2\/product"}],"about":[{"href":"https:\/\/fbeengineering.com\/en\/wp-json\/wp\/v2\/types\/product"}],"replies":[{"embeddable":true,"href":"https:\/\/fbeengineering.com\/en\/wp-json\/wp\/v2\/comments?post=349"}],"wp:featuredmedia":[{"embeddable":true,"href":"https:\/\/fbeengineering.com\/en\/wp-json\/wp\/v2\/media\/1071"}],"wp:attachment":[{"href":"https:\/\/fbeengineering.com\/en\/wp-json\/wp\/v2\/media?parent=349"}],"wp:term":[{"taxonomy":"product_cat","embeddable":true,"href":"https:\/\/fbeengineering.com\/en\/wp-json\/wp\/v2\/product_cat?post=349"},{"taxonomy":"product_tag","embeddable":true,"href":"https:\/\/fbeengineering.com\/en\/wp-json\/wp\/v2\/product_tag?post=349"}],"curies":[{"name":"wp","href":"https:\/\/api.w.org\/{rel}","templated":true}]}}